{"id":8822,"date":"2026-01-27T18:19:13","date_gmt":"2026-01-27T18:19:13","guid":{"rendered":"https:\/\/ejdry.cz\/product\/miss-me-skinny-jeans-vel-xs-s\/"},"modified":"2026-02-02T07:12:32","modified_gmt":"2026-02-02T07:12:32","slug":"miss-me-skinny-jeans-vel-xs-s","status":"publish","type":"product","link":"https:\/\/ejdry.cz\/en\/product\/miss-me-skinny-jeans-vel-xs-s\/","title":{"rendered":"Miss me skinny jeans vel XS\/S"},"content":{"rendered":"","protected":false},"excerpt":{"rendered":"<p>Super status<\/p>\n<p>Sednou na v\u011bt\u0161\u00ed XS\/men\u0161\u00ed S<\/p>\n<p>D\u00e9lka 93cm<\/p>\n<p>Pas 35cm<\/p>\n<p>V\u00fd\u0161ka pasu 24cm<\/p>","protected":false},"featured_media":8819,"comment_status":"open","ping_status":"closed","template":"","meta":{"site-sidebar-layout":"default","site-content-layout":"","ast-site-content-layout":"","site-content-style":"default","site-sidebar-style":"default","ast-global-header-display":"","ast-banner-title-visibility":"","ast-main-header-display":"","ast-hfb-above-header-display":"","ast-hfb-below-header-display":"","ast-hfb-mobile-header-display":"","site-post-title":"","ast-breadcrumbs-content":"","ast-featured-img":"","footer-sml-layout":"","theme-transparent-header-meta":"","adv-header-id-meta":"","stick-header-meta":"","header-above-stick-meta":"","header-main-stick-meta":"","header-below-stick-meta":"","astra-migrate-meta-layouts":"default","ast-page-background-enabled":"default","ast-page-background-meta":{"desktop":{"background-color":"","background-image":"","background-repeat":"repeat","background-position":"center center","background-size":"auto","background-attachment":"scroll","background-type":"","background-media":"","overlay-type":"","overlay-color":"","overlay-opacity":"","overlay-gradient":""},"tablet":{"background-color":"","background-image":"","background-repeat":"repeat","background-position":"center center","background-size":"auto","background-attachment":"scroll","background-type":"","background-media":"","overlay-type":"","overlay-color":"","overlay-opacity":"","overlay-gradient":""},"mobile":{"background-color":"","background-image":"","background-repeat":"repeat","background-position":"center center","background-size":"auto","background-attachment":"scroll","background-type":"","background-media":"","overlay-type":"","overlay-color":"","overlay-opacity":"","overlay-gradient":""}},"ast-content-background-meta":{"desktop":{"background-color":"var(--ast-global-color-5)","background-image":"","background-repeat":"repeat","background-position":"center center","background-size":"auto","background-attachment":"scroll","background-type":"","background-media":"","overlay-type":"","overlay-color":"","overlay-opacity":"","overlay-gradient":""},"tablet":{"background-color":"var(--ast-global-color-5)","background-image":"","background-repeat":"repeat","background-position":"center center","background-size":"auto","background-attachment":"scroll","background-type":"","background-media":"","overlay-type":"","overlay-color":"","overlay-opacity":"","overlay-gradient":""},"mobile":{"background-color":"var(--ast-global-color-5)","background-image":"","background-repeat":"repeat","background-position":"center center","background-size":"auto","background-attachment":"scroll","background-type":"","background-media":"","overlay-type":"","overlay-color":"","overlay-opacity":"","overlay-gradient":""}}},"product_brand":[],"product_cat":[67,70,73,79],"product_tag":[],"class_list":{"0":"post-8822","1":"product","2":"type-product","3":"status-publish","4":"has-post-thumbnail","6":"product_cat-kalhoty-kratasy","7":"product_cat-miss-me","8":"product_cat-obleceni","9":"product_cat-vse","10":"desktop-align-left","11":"tablet-align-left","12":"mobile-align-left","14":"first","15":"outofstock","16":"shipping-taxable","17":"purchasable","18":"product-type-simple"},"jetpack_sharing_enabled":true,"_links":{"self":[{"href":"https:\/\/ejdry.cz\/en\/wp-json\/wp\/v2\/product\/8822","targetHints":{"allow":["GET"]}}],"collection":[{"href":"https:\/\/ejdry.cz\/en\/wp-json\/wp\/v2\/product"}],"about":[{"href":"https:\/\/ejdry.cz\/en\/wp-json\/wp\/v2\/types\/product"}],"replies":[{"embeddable":true,"href":"https:\/\/ejdry.cz\/en\/wp-json\/wp\/v2\/comments?post=8822"}],"version-history":[{"count":0,"href":"https:\/\/ejdry.cz\/en\/wp-json\/wp\/v2\/product\/8822\/revisions"}],"wp:featuredmedia":[{"embeddable":true,"href":"https:\/\/ejdry.cz\/en\/wp-json\/wp\/v2\/media\/8819"}],"wp:attachment":[{"href":"https:\/\/ejdry.cz\/en\/wp-json\/wp\/v2\/media?parent=8822"}],"wp:term":[{"taxonomy":"product_brand","embeddable":true,"href":"https:\/\/ejdry.cz\/en\/wp-json\/wp\/v2\/product_brand?post=8822"},{"taxonomy":"product_cat","embeddable":true,"href":"https:\/\/ejdry.cz\/en\/wp-json\/wp\/v2\/product_cat?post=8822"},{"taxonomy":"product_tag","embeddable":true,"href":"https:\/\/ejdry.cz\/en\/wp-json\/wp\/v2\/product_tag?post=8822"}],"curies":[{"name":"wp","href":"https:\/\/api.w.org\/{rel}","templated":true}]}}