{"id":7545,"date":"2025-10-11T13:19:40","date_gmt":"2025-10-11T13:19:40","guid":{"rendered":"http:\/\/ejdry.cz\/product\/converse-x-cdg-custom-tenisky-vel-365\/"},"modified":"2025-10-11T13:19:43","modified_gmt":"2025-10-11T13:19:43","slug":"converse-x-cdg-custom-tenisky-vel-365","status":"publish","type":"product","link":"https:\/\/ejdry.cz\/en\/product\/converse-x-cdg-custom-tenisky-vel-365\/","title":{"rendered":"Converse x CDG custom tenisky vel 36,5"},"content":{"rendered":"","protected":false},"excerpt":{"rendered":"<p>B\u011b\u017en\u00e9 zn\u00e1mky no\u0161en\u00ed, ale nemaj\u00ed \u017e\u00e1dn\u00e9 vady, kter\u00e9 by br\u00e1nily no\u0161eni<\/p>\n<p>Jsou to p\u016fvodn\u011b klasick\u00e9 CDG converse, ze kter\u00fdch je ud\u011blan\u00fd custom<\/p>\n<p>p\u016fvodn\u00ed cena 3800,-<\/p>","protected":false},"featured_media":7543,"comment_status":"open","ping_status":"closed","template":"","meta":{"site-sidebar-layout":"default","site-content-layout":"","ast-site-content-layout":"","site-content-style":"default","site-sidebar-style":"default","ast-global-header-display":"","ast-banner-title-visibility":"","ast-main-header-display":"","ast-hfb-above-header-display":"","ast-hfb-below-header-display":"","ast-hfb-mobile-header-display":"","site-post-title":"","ast-breadcrumbs-content":"","ast-featured-img":"","footer-sml-layout":"","theme-transparent-header-meta":"","adv-header-id-meta":"","stick-header-meta":"","header-above-stick-meta":"","header-main-stick-meta":"","header-below-stick-meta":"","astra-migrate-meta-layouts":"default","ast-page-background-enabled":"default","ast-page-background-meta":{"desktop":{"background-color":"","background-image":"","background-repeat":"repeat","background-position":"center center","background-size":"auto","background-attachment":"scroll","background-type":"","background-media":"","overlay-type":"","overlay-color":"","overlay-opacity":"","overlay-gradient":""},"tablet":{"background-color":"","background-image":"","background-repeat":"repeat","background-position":"center center","background-size":"auto","background-attachment":"scroll","background-type":"","background-media":"","overlay-type":"","overlay-color":"","overlay-opacity":"","overlay-gradient":""},"mobile":{"background-color":"","background-image":"","background-repeat":"repeat","background-position":"center center","background-size":"auto","background-attachment":"scroll","background-type":"","background-media":"","overlay-type":"","overlay-color":"","overlay-opacity":"","overlay-gradient":""}},"ast-content-background-meta":{"desktop":{"background-color":"var(--ast-global-color-5)","background-image":"","background-repeat":"repeat","background-position":"center center","background-size":"auto","background-attachment":"scroll","background-type":"","background-media":"","overlay-type":"","overlay-color":"","overlay-opacity":"","overlay-gradient":""},"tablet":{"background-color":"var(--ast-global-color-5)","background-image":"","background-repeat":"repeat","background-position":"center center","background-size":"auto","background-attachment":"scroll","background-type":"","background-media":"","overlay-type":"","overlay-color":"","overlay-opacity":"","overlay-gradient":""},"mobile":{"background-color":"var(--ast-global-color-5)","background-image":"","background-repeat":"repeat","background-position":"center center","background-size":"auto","background-attachment":"scroll","background-type":"","background-media":"","overlay-type":"","overlay-color":"","overlay-opacity":"","overlay-gradient":""}}},"product_brand":[],"product_cat":[58,74,79,80],"product_tag":[],"class_list":{"0":"post-7545","1":"product","2":"type-product","3":"status-publish","4":"has-post-thumbnail","6":"product_cat-boty","7":"product_cat-ostatni","8":"product_cat-vse","9":"product_cat-znacky","10":"desktop-align-left","11":"tablet-align-left","12":"mobile-align-left","14":"first","15":"instock","16":"sale","17":"shipping-taxable","18":"purchasable","19":"product-type-simple"},"jetpack_sharing_enabled":true,"_links":{"self":[{"href":"https:\/\/ejdry.cz\/en\/wp-json\/wp\/v2\/product\/7545","targetHints":{"allow":["GET"]}}],"collection":[{"href":"https:\/\/ejdry.cz\/en\/wp-json\/wp\/v2\/product"}],"about":[{"href":"https:\/\/ejdry.cz\/en\/wp-json\/wp\/v2\/types\/product"}],"replies":[{"embeddable":true,"href":"https:\/\/ejdry.cz\/en\/wp-json\/wp\/v2\/comments?post=7545"}],"version-history":[{"count":0,"href":"https:\/\/ejdry.cz\/en\/wp-json\/wp\/v2\/product\/7545\/revisions"}],"wp:featuredmedia":[{"embeddable":true,"href":"https:\/\/ejdry.cz\/en\/wp-json\/wp\/v2\/media\/7543"}],"wp:attachment":[{"href":"https:\/\/ejdry.cz\/en\/wp-json\/wp\/v2\/media?parent=7545"}],"wp:term":[{"taxonomy":"product_brand","embeddable":true,"href":"https:\/\/ejdry.cz\/en\/wp-json\/wp\/v2\/product_brand?post=7545"},{"taxonomy":"product_cat","embeddable":true,"href":"https:\/\/ejdry.cz\/en\/wp-json\/wp\/v2\/product_cat?post=7545"},{"taxonomy":"product_tag","embeddable":true,"href":"https:\/\/ejdry.cz\/en\/wp-json\/wp\/v2\/product_tag?post=7545"}],"curies":[{"name":"wp","href":"https:\/\/api.w.org\/{rel}","templated":true}]}}