{"id":4835,"date":"2025-06-10T19:24:53","date_gmt":"2025-06-10T19:24:53","guid":{"rendered":"http:\/\/ejdry.cz\/?page_id=4835"},"modified":"2025-06-10T19:25:26","modified_gmt":"2025-06-10T19:25:26","slug":"doprava-a-dodaci-podminky","status":"publish","type":"page","link":"https:\/\/ejdry.cz\/en\/doprava-a-dodaci-podminky\/","title":{"rendered":"Shipping and delivery terms and conditions"},"content":{"rendered":"<div data-elementor-type=\"wp-page\" data-elementor-id=\"4835\" class=\"elementor elementor-4835\" data-elementor-post-type=\"page\">\n\t\t\t\t<div class=\"elementor-element elementor-element-91fb9fe e-flex e-con-boxed e-con e-parent\" data-id=\"91fb9fe\" data-element_type=\"container\" data-settings=\"{&quot;background_background&quot;:&quot;classic&quot;}\">\n\t\t\t\t\t<div class=\"e-con-inner\">\n\t\t\t\t<div class=\"elementor-element elementor-element-269f012 elementor-widget elementor-widget-text-editor\" data-id=\"269f012\" data-element_type=\"widget\" data-widget_type=\"text-editor.default\">\n\t\t\t\t<div class=\"elementor-widget-container\">\n\t\t\t\t\t\t\t\t\t<h1 class=\"\" data-start=\"3226\" data-end=\"3242\">Shipping and delivery terms and conditions<\/h1>\t\t\t\t\t\t\t\t<\/div>\n\t\t\t\t<\/div>\n\t\t\t\t\t<\/div>\n\t\t\t\t<\/div>\n\t\t<div class=\"elementor-element elementor-element-a7c190a e-flex e-con-boxed e-con e-parent\" data-id=\"a7c190a\" data-element_type=\"container\">\n\t\t\t\t\t<div class=\"e-con-inner\">\n\t\t\t\t<div class=\"elementor-element elementor-element-2fea96b elementor-widget elementor-widget-text-editor\" data-id=\"2fea96b\" data-element_type=\"widget\" data-widget_type=\"text-editor.default\">\n\t\t\t\t<div class=\"elementor-widget-container\">\n\t\t\t\t\t\t\t\t\t<h2 class=\"\" data-start=\"4431\" data-end=\"4451\">1. Shipping method<\/h2><ul data-start=\"4452\" data-end=\"4513\"><li class=\"\" data-start=\"4452\" data-end=\"4465\"><p class=\"\" data-start=\"4454\" data-end=\"4465\">Czech post<\/p><\/li><li class=\"\" data-start=\"4466\" data-end=\"4478\"><p class=\"\" data-start=\"4468\" data-end=\"4478\">Z\u00e1silkovna<\/p><\/li><li class=\"\" data-start=\"4479\" data-end=\"4513\"><p class=\"\" data-start=\"4481\" data-end=\"4513\">Courier service (PPL, DPD, etc.)<\/p><\/li><\/ul><hr class=\"\" data-start=\"4515\" data-end=\"4518\" \/><h2 class=\"\" data-start=\"4520\" data-end=\"4538\">2. Delivery time<\/h2><ul data-start=\"4539\" data-end=\"4703\"><li class=\"\" data-start=\"4539\" data-end=\"4605\"><p class=\"\" data-start=\"4541\" data-end=\"4605\">Standard delivery time is 2-5 working days after the receipt of payment.<\/p><\/li><li class=\"\" data-start=\"4606\" data-end=\"4703\"><p class=\"\" data-start=\"4608\" data-end=\"4703\">In exceptional cases the delivery time may be extended, about which the Buyer informed in good time.<\/p><\/li><\/ul><hr class=\"\" data-start=\"4705\" data-end=\"4708\" \/><h2 class=\"\" data-start=\"4710\" data-end=\"4732\">3. Delivery<\/h2><p class=\"\" data-start=\"4733\" data-end=\"4791\">3.1 the Buyer is obliged to shipment upon receipt to check.<\/p><p class=\"\" data-start=\"4793\" data-end=\"4914\">3.2 In the case of visible damage to the shipment, the Buyer is obliged damage addressed immediately with the carrier and make a notation of the damage.<\/p><p class=\"\" data-start=\"4916\" data-end=\"4984\">3.3 Later claims of external damage to the shipment may not be recognized.<\/p>\t\t\t\t\t\t\t\t<\/div>\n\t\t\t\t<\/div>\n\t\t\t\t\t<\/div>\n\t\t\t\t<\/div>\n\t\t\t\t<\/div>","protected":false},"excerpt":{"rendered":"<p>Doprava a dodac\u00ed podm\u00ednky 1. Zp\u016fsob dopravy \u010cesk\u00e1 po\u0161ta Z\u00e1silkovna Kur\u00fdrn\u00ed slu\u017eby (PPL, DPD, apod.) 2. Dodac\u00ed lh\u016fty Standardn\u00ed dodac\u00ed lh\u016fta je 2\u20135 pracovn\u00edch dn\u016f po p\u0159ijet\u00ed platby. Ve v\u00fdjime\u010dn\u00fdch p\u0159\u00edpadech m\u016f\u017ee b\u00fdt dodac\u00ed lh\u016fta prodlou\u017eena, o \u010dem\u017e je Kupuj\u00edc\u00ed v\u010das informov\u00e1n. 3. P\u0159evzet\u00ed z\u00e1silky 3.1 Kupuj\u00edc\u00ed je povinen z\u00e1silku p\u0159i p\u0159evzet\u00ed zkontrolovat. 3.2 V [&hellip;]<\/p>","protected":false},"author":2,"featured_media":0,"parent":0,"menu_order":0,"comment_status":"closed","ping_status":"closed","template":"","meta":{"site-sidebar-layout":"no-sidebar","site-content-layout":"page-builder","ast-site-content-layout":"full-width-container","site-content-style":"default","site-sidebar-style":"default","ast-global-header-display":"","ast-banner-title-visibility":"","ast-main-header-display":"","ast-hfb-above-header-display":"","ast-hfb-below-header-display":"","ast-hfb-mobile-header-display":"","site-post-title":"disabled","ast-breadcrumbs-content":"","ast-featured-img":"disabled","footer-sml-layout":"","theme-transparent-header-meta":"","adv-header-id-meta":"","stick-header-meta":"","header-above-stick-meta":"","header-main-stick-meta":"","header-below-stick-meta":"","astra-migrate-meta-layouts":"set","ast-page-background-enabled":"default","ast-page-background-meta":{"desktop":{"background-color":"","background-image":"","background-repeat":"repeat","background-position":"center center","background-size":"auto","background-attachment":"scroll","background-type":"","background-media":"","overlay-type":"","overlay-color":"","overlay-opacity":"","overlay-gradient":""},"tablet":{"background-color":"","background-image":"","background-repeat":"repeat","background-position":"center center","background-size":"auto","background-attachment":"scroll","background-type":"","background-media":"","overlay-type":"","overlay-color":"","overlay-opacity":"","overlay-gradient":""},"mobile":{"background-color":"","background-image":"","background-repeat":"repeat","background-position":"center center","background-size":"auto","background-attachment":"scroll","background-type":"","background-media":"","overlay-type":"","overlay-color":"","overlay-opacity":"","overlay-gradient":""}},"ast-content-background-meta":{"desktop":{"background-color":"var(--ast-global-color-5)","background-image":"","background-repeat":"repeat","background-position":"center center","background-size":"auto","background-attachment":"scroll","background-type":"","background-media":"","overlay-type":"","overlay-color":"","overlay-opacity":"","overlay-gradient":""},"tablet":{"background-color":"var(--ast-global-color-5)","background-image":"","background-repeat":"repeat","background-position":"center center","background-size":"auto","background-attachment":"scroll","background-type":"","background-media":"","overlay-type":"","overlay-color":"","overlay-opacity":"","overlay-gradient":""},"mobile":{"background-color":"var(--ast-global-color-5)","background-image":"","background-repeat":"repeat","background-position":"center center","background-size":"auto","background-attachment":"scroll","background-type":"","background-media":"","overlay-type":"","overlay-color":"","overlay-opacity":"","overlay-gradient":""}},"footnotes":""},"class_list":["post-4835","page","type-page","status-publish","hentry"],"jetpack_sharing_enabled":true,"_links":{"self":[{"href":"https:\/\/ejdry.cz\/en\/wp-json\/wp\/v2\/pages\/4835","targetHints":{"allow":["GET"]}}],"collection":[{"href":"https:\/\/ejdry.cz\/en\/wp-json\/wp\/v2\/pages"}],"about":[{"href":"https:\/\/ejdry.cz\/en\/wp-json\/wp\/v2\/types\/page"}],"author":[{"embeddable":true,"href":"https:\/\/ejdry.cz\/en\/wp-json\/wp\/v2\/users\/2"}],"replies":[{"embeddable":true,"href":"https:\/\/ejdry.cz\/en\/wp-json\/wp\/v2\/comments?post=4835"}],"version-history":[{"count":4,"href":"https:\/\/ejdry.cz\/en\/wp-json\/wp\/v2\/pages\/4835\/revisions"}],"predecessor-version":[{"id":4839,"href":"https:\/\/ejdry.cz\/en\/wp-json\/wp\/v2\/pages\/4835\/revisions\/4839"}],"wp:attachment":[{"href":"https:\/\/ejdry.cz\/en\/wp-json\/wp\/v2\/media?parent=4835"}],"curies":[{"name":"wp","href":"https:\/\/api.w.org\/{rel}","templated":true}]}}