{"id":4830,"date":"2025-06-10T19:23:56","date_gmt":"2025-06-10T19:23:56","guid":{"rendered":"http:\/\/ejdry.cz\/?page_id=4830"},"modified":"2025-06-10T19:24:39","modified_gmt":"2025-06-10T19:24:39","slug":"vraceni-zbozi","status":"publish","type":"page","link":"https:\/\/ejdry.cz\/en\/vraceni-zbozi\/","title":{"rendered":"Return of goods"},"content":{"rendered":"<div data-elementor-type=\"wp-page\" data-elementor-id=\"4830\" class=\"elementor elementor-4830\" data-elementor-post-type=\"page\">\n\t\t\t\t<div class=\"elementor-element elementor-element-91fa0c9 e-flex e-con-boxed e-con e-parent\" data-id=\"91fa0c9\" data-element_type=\"container\" data-settings=\"{&quot;background_background&quot;:&quot;classic&quot;}\">\n\t\t\t\t\t<div class=\"e-con-inner\">\n\t\t\t\t<div class=\"elementor-element elementor-element-c28e53c elementor-widget elementor-widget-text-editor\" data-id=\"c28e53c\" data-element_type=\"widget\" data-widget_type=\"text-editor.default\">\n\t\t\t\t<div class=\"elementor-widget-container\">\n\t\t\t\t\t\t\t\t\t<h1 class=\"\" data-start=\"4991\" data-end=\"5006\">Return of goods<\/h1>\t\t\t\t\t\t\t\t<\/div>\n\t\t\t\t<\/div>\n\t\t\t\t\t<\/div>\n\t\t\t\t<\/div>\n\t\t<div class=\"elementor-element elementor-element-8ed56c6 e-flex e-con-boxed e-con e-parent\" data-id=\"8ed56c6\" data-element_type=\"container\">\n\t\t\t\t\t<div class=\"e-con-inner\">\n\t\t\t\t<div class=\"elementor-element elementor-element-d6007a4 elementor-widget elementor-widget-text-editor\" data-id=\"d6007a4\" data-element_type=\"widget\" data-widget_type=\"text-editor.default\">\n\t\t\t\t<div class=\"elementor-widget-container\">\n\t\t\t\t\t\t\t\t\t<h2 class=\"\" data-start=\"5008\" data-end=\"5035\">1. Withdrawal from the contract<\/h2><p class=\"\" data-start=\"5036\" data-end=\"5106\">1.1 the Buyer has the right to withdraw from the contract within 14 days without giving any reason.<\/p><p class=\"\" data-start=\"5108\" data-end=\"5161\">1.2 the withdrawal Period runs from the date of receipt of the goods.<\/p><hr class=\"\" data-start=\"5163\" data-end=\"5166\" \/><h2 class=\"\" data-start=\"5168\" data-end=\"5195\">2. The procedure for withdrawal<\/h2><p class=\"\" data-start=\"5196\" data-end=\"5262\">2.1 the Buyer shall notify the resignation e-mail to <a rel=\"noopener\" data-start=\"5239\" data-end=\"5261\">adryl@icloud.com<\/a>.<\/p><p class=\"\" data-start=\"5264\" data-end=\"5367\">2.2 Goods must be returned to the address designated by the vendor, complete, unused and in original packaging.<\/p><hr class=\"\" data-start=\"5369\" data-end=\"5372\" \/><h2 class=\"\" data-start=\"5374\" data-end=\"5398\">3. The cost of the return<\/h2><p class=\"\" data-start=\"5399\" data-end=\"5442\">3.1 the Cost of returning the goods shall be borne by the Buyer.<\/p><p class=\"\" data-start=\"5444\" data-end=\"5589\">3.2 the Buyer shall be responsible for the reduction in the value of vracen\u00e9ho goods as a result of his treatment beyond necessary to get acquainted with its nature and properties.<\/p><hr class=\"\" data-start=\"5591\" data-end=\"5594\" \/><h2 class=\"\" data-start=\"5596\" data-end=\"5631\">4. Exceptions from the right of withdrawal<\/h2><p class=\"\" data-start=\"5632\" data-end=\"5676\">The right to withdraw from the contract does not apply to:<\/p><ul data-start=\"5677\" data-end=\"5830\"><li class=\"\" data-start=\"5677\" data-end=\"5765\"><p class=\"\" data-start=\"5679\" data-end=\"5765\">goods produced according to the requirements of the Buyer or adapted to his personal needs,<\/p><\/li><li class=\"\" data-start=\"5766\" data-end=\"5830\"><p class=\"\" data-start=\"5768\" data-end=\"5830\">goods delivery irretrievably mixed with other goods.<\/p><\/li><\/ul><hr class=\"\" data-start=\"5832\" data-end=\"5835\" \/><h2 class=\"\" data-start=\"5837\" data-end=\"5856\">5. Refund<\/h2><p class=\"\" data-start=\"5857\" data-end=\"5931\">5.1 the Money will be the Buyer returned within 14 days from receipt of the returned goods.<\/p><p class=\"\" data-start=\"5933\" data-end=\"6023\">5.2 Refund will be made in the same way the payment was received, unless otherwise agreed.<\/p>\t\t\t\t\t\t\t\t<\/div>\n\t\t\t\t<\/div>\n\t\t\t\t\t<\/div>\n\t\t\t\t<\/div>\n\t\t\t\t<\/div>","protected":false},"excerpt":{"rendered":"<p>Vr\u00e1cen\u00ed zbo\u017e\u00ed 1. Odstoupen\u00ed od smlouvy 1.1 Kupuj\u00edc\u00ed m\u00e1 pr\u00e1vo odstoupit od smlouvy do 14 dn\u016f bez ud\u00e1n\u00ed d\u016fvodu. 1.2 Lh\u016fta pro odstoupen\u00ed b\u011b\u017e\u00ed ode dne p\u0159evzet\u00ed zbo\u017e\u00ed. 2. Postup p\u0159i odstoupen\u00ed 2.1 Kupuj\u00edc\u00ed ozn\u00e1m\u00ed odstoupen\u00ed e-mailem na adryl@icloud.com. 2.2 Zbo\u017e\u00ed mus\u00ed b\u00fdt vr\u00e1ceno na adresu, kterou ur\u010d\u00ed prod\u00e1vaj\u00edc\u00ed, kompletn\u00ed, nepou\u017eit\u00e9 a v p\u016fvodn\u00edm obalu. [&hellip;]<\/p>","protected":false},"author":2,"featured_media":0,"parent":0,"menu_order":0,"comment_status":"closed","ping_status":"closed","template":"","meta":{"site-sidebar-layout":"no-sidebar","site-content-layout":"page-builder","ast-site-content-layout":"full-width-container","site-content-style":"default","site-sidebar-style":"default","ast-global-header-display":"","ast-banner-title-visibility":"","ast-main-header-display":"","ast-hfb-above-header-display":"","ast-hfb-below-header-display":"","ast-hfb-mobile-header-display":"","site-post-title":"disabled","ast-breadcrumbs-content":"","ast-featured-img":"disabled","footer-sml-layout":"","theme-transparent-header-meta":"","adv-header-id-meta":"","stick-header-meta":"","header-above-stick-meta":"","header-main-stick-meta":"","header-below-stick-meta":"","astra-migrate-meta-layouts":"set","ast-page-background-enabled":"default","ast-page-background-meta":{"desktop":{"background-color":"","background-image":"","background-repeat":"repeat","background-position":"center center","background-size":"auto","background-attachment":"scroll","background-type":"","background-media":"","overlay-type":"","overlay-color":"","overlay-opacity":"","overlay-gradient":""},"tablet":{"background-color":"","background-image":"","background-repeat":"repeat","background-position":"center center","background-size":"auto","background-attachment":"scroll","background-type":"","background-media":"","overlay-type":"","overlay-color":"","overlay-opacity":"","overlay-gradient":""},"mobile":{"background-color":"","background-image":"","background-repeat":"repeat","background-position":"center center","background-size":"auto","background-attachment":"scroll","background-type":"","background-media":"","overlay-type":"","overlay-color":"","overlay-opacity":"","overlay-gradient":""}},"ast-content-background-meta":{"desktop":{"background-color":"var(--ast-global-color-5)","background-image":"","background-repeat":"repeat","background-position":"center center","background-size":"auto","background-attachment":"scroll","background-type":"","background-media":"","overlay-type":"","overlay-color":"","overlay-opacity":"","overlay-gradient":""},"tablet":{"background-color":"var(--ast-global-color-5)","background-image":"","background-repeat":"repeat","background-position":"center center","background-size":"auto","background-attachment":"scroll","background-type":"","background-media":"","overlay-type":"","overlay-color":"","overlay-opacity":"","overlay-gradient":""},"mobile":{"background-color":"var(--ast-global-color-5)","background-image":"","background-repeat":"repeat","background-position":"center center","background-size":"auto","background-attachment":"scroll","background-type":"","background-media":"","overlay-type":"","overlay-color":"","overlay-opacity":"","overlay-gradient":""}},"footnotes":""},"class_list":["post-4830","page","type-page","status-publish","hentry"],"jetpack_sharing_enabled":true,"_links":{"self":[{"href":"https:\/\/ejdry.cz\/en\/wp-json\/wp\/v2\/pages\/4830","targetHints":{"allow":["GET"]}}],"collection":[{"href":"https:\/\/ejdry.cz\/en\/wp-json\/wp\/v2\/pages"}],"about":[{"href":"https:\/\/ejdry.cz\/en\/wp-json\/wp\/v2\/types\/page"}],"author":[{"embeddable":true,"href":"https:\/\/ejdry.cz\/en\/wp-json\/wp\/v2\/users\/2"}],"replies":[{"embeddable":true,"href":"https:\/\/ejdry.cz\/en\/wp-json\/wp\/v2\/comments?post=4830"}],"version-history":[{"count":4,"href":"https:\/\/ejdry.cz\/en\/wp-json\/wp\/v2\/pages\/4830\/revisions"}],"predecessor-version":[{"id":4834,"href":"https:\/\/ejdry.cz\/en\/wp-json\/wp\/v2\/pages\/4830\/revisions\/4834"}],"wp:attachment":[{"href":"https:\/\/ejdry.cz\/en\/wp-json\/wp\/v2\/media?parent=4830"}],"curies":[{"name":"wp","href":"https:\/\/api.w.org\/{rel}","templated":true}]}}