{"id":4810,"date":"2025-06-10T19:15:38","date_gmt":"2025-06-10T19:15:38","guid":{"rendered":"http:\/\/ejdry.cz\/?page_id=4810"},"modified":"2025-06-10T19:20:22","modified_gmt":"2025-06-10T19:20:22","slug":"elementor-4810","status":"publish","type":"page","link":"https:\/\/ejdry.cz\/en\/elementor-4810\/","title":{"rendered":"Privacy policy"},"content":{"rendered":"<div data-elementor-type=\"wp-page\" data-elementor-id=\"4810\" class=\"elementor elementor-4810\" data-elementor-post-type=\"page\">\n\t\t\t\t<div class=\"elementor-element elementor-element-8b2c295 e-flex e-con-boxed e-con e-parent\" data-id=\"8b2c295\" data-element_type=\"container\" data-settings=\"{&quot;background_background&quot;:&quot;classic&quot;}\">\n\t\t\t\t\t<div class=\"e-con-inner\">\n\t\t\t\t<div class=\"elementor-element elementor-element-d2e9fbf elementor-widget elementor-widget-text-editor\" data-id=\"d2e9fbf\" data-element_type=\"widget\" data-widget_type=\"text-editor.default\">\n\t\t\t\t<div class=\"elementor-widget-container\">\n\t\t\t\t\t\t\t\t\t<h2>Privacy policy<\/h2>\t\t\t\t\t\t\t\t<\/div>\n\t\t\t\t<\/div>\n\t\t\t\t\t<\/div>\n\t\t\t\t<\/div>\n\t\t<div class=\"elementor-element elementor-element-9e34dd9 e-flex e-con-boxed e-con e-parent\" data-id=\"9e34dd9\" data-element_type=\"container\">\n\t\t\t\t\t<div class=\"e-con-inner\">\n\t\t\t\t<div class=\"elementor-element elementor-element-76af70d elementor-widget elementor-widget-text-editor\" data-id=\"76af70d\" data-element_type=\"widget\" data-widget_type=\"text-editor.default\">\n\t\t\t\t<div class=\"elementor-widget-container\">\n\t\t\t\t\t\t\t\t\t<h2 class=\"\" data-start=\"238\" data-end=\"261\">1. Introductory provisions<\/h2><p class=\"\" data-start=\"262\" data-end=\"553\">1.1 This document governs the privacy of personal data (hereinafter the &#034;Policy&#034;) of the company Ejdry (SELF-employed Adriana Licov\u00e1), ID: 14303001, established the peace Race 42\/112, Karlovy Vary 360 17 (hereinafter the &#034;Controller&#034;), in the processing of personal data of natural persons in accordance with Regulation of the European parliament and of the Council (EU) 2016\/679 (hereinafter &#034;GDPR&#034;).<\/p><p class=\"\" data-start=\"555\" data-end=\"692\">1.2 Protection of your personal data is a priority for us. In their processing, we make sure maximum security, confidentiality and transparency.<\/p><hr class=\"\" data-start=\"694\" data-end=\"697\" \/><h2 class=\"\" data-start=\"699\" data-end=\"736\">2. What personal information do we process?<\/h2><p class=\"\" data-start=\"737\" data-end=\"780\">We process the following categories of personal data:<\/p><ul data-start=\"781\" data-end=\"1089\"><li class=\"\" data-start=\"781\" data-end=\"839\"><p class=\"\" data-start=\"783\" data-end=\"839\">Identification data (name, surname, username)<\/p><\/li><li class=\"\" data-start=\"840\" data-end=\"891\"><p class=\"\" data-start=\"842\" data-end=\"891\">Contact details (address, e-mail, phone number)<\/p><\/li><li class=\"\" data-start=\"892\" data-end=\"956\"><p class=\"\" data-start=\"894\" data-end=\"956\">Data about orders (purchased products, price, payment method)<\/p><\/li><li class=\"\" data-start=\"957\" data-end=\"1034\"><p class=\"\" data-start=\"959\" data-end=\"1034\">Data about the behavior on the site (cookies, IP address, type of device, operating system)<\/p><\/li><li class=\"\" data-start=\"1035\" data-end=\"1089\"><p class=\"\" data-start=\"1037\" data-end=\"1089\">Communication (messages and emails sent to our support)<\/p><\/li><\/ul><hr class=\"\" data-start=\"1091\" data-end=\"1094\" \/><h2 class=\"\" data-start=\"1096\" data-end=\"1117\">3. The purpose of the processing<\/h2><p class=\"\" data-start=\"1118\" data-end=\"1170\">We process your personal data only for the following purposes:<\/p><ul data-start=\"1171\" data-end=\"1432\"><li class=\"\" data-start=\"1171\" data-end=\"1210\"><p class=\"\" data-start=\"1173\" data-end=\"1210\">the processing of the order and delivery of goods,<\/p><\/li><li class=\"\" data-start=\"1211\" data-end=\"1266\"><p class=\"\" data-start=\"1213\" data-end=\"1266\">fulfilment of legal obligations (in particular tax and accounting),<\/p><\/li><li class=\"\" data-start=\"1267\" data-end=\"1339\"><p class=\"\" data-start=\"1269\" data-end=\"1339\">marketing purposes (the sending of newsletters, if you have given consent),<\/p><\/li><li class=\"\" data-start=\"1340\" data-end=\"1391\"><p class=\"\" data-start=\"1342\" data-end=\"1391\">improving our services and personalization menu<\/p><\/li><li class=\"\" data-start=\"1392\" data-end=\"1432\"><p class=\"\" data-start=\"1394\" data-end=\"1432\">protection of our rights and legal claims.<\/p><\/li><\/ul><hr class=\"\" data-start=\"1434\" data-end=\"1437\" \/><h2 class=\"\" data-start=\"1439\" data-end=\"1469\">4. The legal basis of the processing<\/h2><p class=\"\" data-start=\"1470\" data-end=\"1515\">The processing of personal data is based on:<\/p><ul data-start=\"1516\" data-end=\"1738\"><li class=\"\" data-start=\"1516\" data-end=\"1563\"><p class=\"\" data-start=\"1518\" data-end=\"1563\">the performance of the contract (art. 6 para. 1. b) GDPR),<\/p><\/li><li class=\"\" data-start=\"1564\" data-end=\"1622\"><p class=\"\" data-start=\"1566\" data-end=\"1622\">compliance with a legal obligation (art. 6 para. 1. c) GDPR),<\/p><\/li><li class=\"\" data-start=\"1623\" data-end=\"1681\"><p class=\"\" data-start=\"1625\" data-end=\"1681\">legitimate interest of the Controller (art. 6 para. 1. f) GDPR),<\/p><\/li><li class=\"\" data-start=\"1682\" data-end=\"1738\"><p class=\"\" data-start=\"1684\" data-end=\"1738\">consent of the data subject (art. 6 para. 1. a) GDPR).<\/p><\/li><\/ul><hr class=\"\" data-start=\"1740\" data-end=\"1743\" \/><h2 class=\"\" data-start=\"1745\" data-end=\"1774\">5. Recipients of personal data<\/h2><p class=\"\" data-start=\"1775\" data-end=\"1833\">Your personal data may pass to the following categories of recipients:<\/p><ul data-start=\"1834\" data-end=\"2027\"><li class=\"\" data-start=\"1834\" data-end=\"1893\"><p class=\"\" data-start=\"1836\" data-end=\"1893\">carriers and logistics partners (for delivery),<\/p><\/li><li class=\"\" data-start=\"1894\" data-end=\"1936\"><p class=\"\" data-start=\"1896\" data-end=\"1936\">providers of payment gateways and banks,<\/p><\/li><li class=\"\" data-start=\"1937\" data-end=\"1975\"><p class=\"\" data-start=\"1939\" data-end=\"1975\">external accountants and tax advisors,<\/p><\/li><li class=\"\" data-start=\"1976\" data-end=\"2027\"><p class=\"\" data-start=\"1978\" data-end=\"2027\">IT administrators and providers of hosting services.<\/p><\/li><\/ul><p class=\"\" data-start=\"2029\" data-end=\"2115\">All third parties are bound by confidentiality and contractual obligations to protect your data.<\/p><hr class=\"\" data-start=\"2117\" data-end=\"2120\" \/><h2 class=\"\" data-start=\"2122\" data-end=\"2147\">6. Retention period<\/h2><p class=\"\" data-start=\"2148\" data-end=\"2177\">Your personal data is stored:<\/p><ul data-start=\"2178\" data-end=\"2432\"><li class=\"\" data-start=\"2178\" data-end=\"2266\"><p class=\"\" data-start=\"2180\" data-end=\"2266\">after the period necessary for processing of orders and subsequent fulfilment of legal obligations,<\/p><\/li><li class=\"\" data-start=\"2267\" data-end=\"2351\"><p class=\"\" data-start=\"2269\" data-end=\"2351\">after a period of 10 years from the date of the last order (in accordance with the tax legislation),<\/p><\/li><li class=\"\" data-start=\"2352\" data-end=\"2432\"><p class=\"\" data-start=\"2354\" data-end=\"2432\">marketing consents are kept for a period of 5 years or until withdrawal of consent.<\/p><\/li><\/ul><hr class=\"\" data-start=\"2434\" data-end=\"2437\" \/><h2 class=\"\" data-start=\"2439\" data-end=\"2455\">7. Your rights<\/h2><p class=\"\" data-start=\"2456\" data-end=\"2467\">You have the right to:<\/p><ul data-start=\"2468\" data-end=\"2708\"><li class=\"\" data-start=\"2468\" data-end=\"2498\"><p class=\"\" data-start=\"2470\" data-end=\"2498\">to access personal data,<\/p><\/li><li class=\"\" data-start=\"2499\" data-end=\"2528\"><p class=\"\" data-start=\"2501\" data-end=\"2528\">on the rectification of inaccurate data,<\/p><\/li><li class=\"\" data-start=\"2529\" data-end=\"2568\"><p class=\"\" data-start=\"2531\" data-end=\"2568\">erasure (right to be forgotten),<\/p><\/li><li class=\"\" data-start=\"2569\" data-end=\"2593\"><p class=\"\" data-start=\"2571\" data-end=\"2593\">to restriction of processing,<\/p><\/li><li class=\"\" data-start=\"2594\" data-end=\"2620\"><p class=\"\" data-start=\"2596\" data-end=\"2620\">to data portability,<\/p><\/li><li class=\"\" data-start=\"2621\" data-end=\"2655\"><p class=\"\" data-start=\"2623\" data-end=\"2655\">to lodge an objection against the processing,<\/p><\/li><li class=\"\" data-start=\"2656\" data-end=\"2708\"><p class=\"\" data-start=\"2658\" data-end=\"2708\">lodge a complaint with the Office for personal data protection.<\/p><\/li><\/ul><hr class=\"\" data-start=\"2710\" data-end=\"2713\" \/><h2 class=\"\" data-start=\"2715\" data-end=\"2728\">8. Cookies<\/h2><p class=\"\" data-start=\"2729\" data-end=\"2940\">Our website uses cookies to ensure the proper functioning of the analytics of the traffic and marketing purposes. By using our site you agree to the use of cookies in accordance with our policies.<\/p><p class=\"\" data-start=\"2942\" data-end=\"3017\">The Cookies whenever you manage or block them directly in your browser.<\/p><hr class=\"\" data-start=\"3019\" data-end=\"3022\" \/><h2 class=\"\" data-start=\"3024\" data-end=\"3050\">9. Final provisions<\/h2><p class=\"\" data-start=\"3051\" data-end=\"3219\">9.1 This Policy is effective from 1. 5. 2025.<br data-start=\"3093\" data-end=\"3096\" \/>9.2. the Administrator reserves the right to these Policies unilaterally change. About the change you will be notified via the website.<\/p>\t\t\t\t\t\t\t\t<\/div>\n\t\t\t\t<\/div>\n\t\t\t\t\t<\/div>\n\t\t\t\t<\/div>\n\t\t\t\t<\/div>","protected":false},"excerpt":{"rendered":"<p>Z\u00e1sady ochrany osobn\u00edch \u00fadaj\u016f 1. \u00davodn\u00ed ustanoven\u00ed 1.1 Tento dokument upravuje z\u00e1sady ochrany osobn\u00edch \u00fadaj\u016f (d\u00e1le jen \u201eZ\u00e1sady\u201c) spole\u010dnosti Ejdry (OSV\u010c Adriana Licov\u00e1), I\u010cO: 14303001, se s\u00eddlem Z\u00e1vodu m\u00edru 42\/112, Karlovy Vary 360 17 (d\u00e1le jen \u201eSpr\u00e1vce\u201c), p\u0159i zpracov\u00e1n\u00ed osobn\u00edch \u00fadaj\u016f fyzick\u00fdch osob v souladu s Na\u0159\u00edzen\u00edm Evropsk\u00e9ho parlamentu a Rady (EU) 2016\/679 (d\u00e1le jen [&hellip;]<\/p>","protected":false},"author":2,"featured_media":0,"parent":0,"menu_order":0,"comment_status":"closed","ping_status":"closed","template":"","meta":{"site-sidebar-layout":"no-sidebar","site-content-layout":"page-builder","ast-site-content-layout":"full-width-container","site-content-style":"default","site-sidebar-style":"default","ast-global-header-display":"","ast-banner-title-visibility":"","ast-main-header-display":"","ast-hfb-above-header-display":"","ast-hfb-below-header-display":"","ast-hfb-mobile-header-display":"","site-post-title":"disabled","ast-breadcrumbs-content":"","ast-featured-img":"disabled","footer-sml-layout":"","theme-transparent-header-meta":"","adv-header-id-meta":"","stick-header-meta":"","header-above-stick-meta":"","header-main-stick-meta":"","header-below-stick-meta":"","astra-migrate-meta-layouts":"set","ast-page-background-enabled":"default","ast-page-background-meta":{"desktop":{"background-color":"","background-image":"","background-repeat":"repeat","background-position":"center center","background-size":"auto","background-attachment":"scroll","background-type":"","background-media":"","overlay-type":"","overlay-color":"","overlay-opacity":"","overlay-gradient":""},"tablet":{"background-color":"","background-image":"","background-repeat":"repeat","background-position":"center center","background-size":"auto","background-attachment":"scroll","background-type":"","background-media":"","overlay-type":"","overlay-color":"","overlay-opacity":"","overlay-gradient":""},"mobile":{"background-color":"","background-image":"","background-repeat":"repeat","background-position":"center center","background-size":"auto","background-attachment":"scroll","background-type":"","background-media":"","overlay-type":"","overlay-color":"","overlay-opacity":"","overlay-gradient":""}},"ast-content-background-meta":{"desktop":{"background-color":"var(--ast-global-color-5)","background-image":"","background-repeat":"repeat","background-position":"center center","background-size":"auto","background-attachment":"scroll","background-type":"","background-media":"","overlay-type":"","overlay-color":"","overlay-opacity":"","overlay-gradient":""},"tablet":{"background-color":"var(--ast-global-color-5)","background-image":"","background-repeat":"repeat","background-position":"center center","background-size":"auto","background-attachment":"scroll","background-type":"","background-media":"","overlay-type":"","overlay-color":"","overlay-opacity":"","overlay-gradient":""},"mobile":{"background-color":"var(--ast-global-color-5)","background-image":"","background-repeat":"repeat","background-position":"center center","background-size":"auto","background-attachment":"scroll","background-type":"","background-media":"","overlay-type":"","overlay-color":"","overlay-opacity":"","overlay-gradient":""}},"footnotes":""},"class_list":["post-4810","page","type-page","status-publish","hentry"],"jetpack_sharing_enabled":true,"_links":{"self":[{"href":"https:\/\/ejdry.cz\/en\/wp-json\/wp\/v2\/pages\/4810","targetHints":{"allow":["GET"]}}],"collection":[{"href":"https:\/\/ejdry.cz\/en\/wp-json\/wp\/v2\/pages"}],"about":[{"href":"https:\/\/ejdry.cz\/en\/wp-json\/wp\/v2\/types\/page"}],"author":[{"embeddable":true,"href":"https:\/\/ejdry.cz\/en\/wp-json\/wp\/v2\/users\/2"}],"replies":[{"embeddable":true,"href":"https:\/\/ejdry.cz\/en\/wp-json\/wp\/v2\/comments?post=4810"}],"version-history":[{"count":10,"href":"https:\/\/ejdry.cz\/en\/wp-json\/wp\/v2\/pages\/4810\/revisions"}],"predecessor-version":[{"id":4822,"href":"https:\/\/ejdry.cz\/en\/wp-json\/wp\/v2\/pages\/4810\/revisions\/4822"}],"wp:attachment":[{"href":"https:\/\/ejdry.cz\/en\/wp-json\/wp\/v2\/media?parent=4810"}],"curies":[{"name":"wp","href":"https:\/\/api.w.org\/{rel}","templated":true}]}}