{"id":4485,"date":"2025-05-27T16:04:30","date_gmt":"2025-05-27T16:04:30","guid":{"rendered":"http:\/\/ejdry.cz\/?page_id=4485"},"modified":"2025-05-28T20:09:14","modified_gmt":"2025-05-28T20:09:14","slug":"o-nas","status":"publish","type":"page","link":"https:\/\/ejdry.cz\/en\/o-nas\/","title":{"rendered":"About us"},"content":{"rendered":"<div data-elementor-type=\"wp-page\" data-elementor-id=\"4485\" class=\"elementor elementor-4485\" data-elementor-post-type=\"page\">\n\t\t\t\t<div class=\"elementor-element elementor-element-8cdc4d9 e-flex e-con-boxed e-con e-parent\" data-id=\"8cdc4d9\" data-element_type=\"container\" data-settings=\"{&quot;background_background&quot;:&quot;video&quot;,&quot;background_video_link&quot;:&quot;https:\\\/\\\/youtu.be\\\/pRKY-0gyGOc&quot;,&quot;background_play_on_mobile&quot;:&quot;yes&quot;}\">\n\t\t\t\t\t<div class=\"e-con-inner\">\n\t\t<div class=\"elementor-background-video-container\">\n\t\t\t\t\t\t\t<div class=\"elementor-background-video-embed\"><\/div>\n\t\t\t\t\t\t<\/div>\t\t<div class=\"elementor-element elementor-element-6f79491 elementor-widget elementor-widget-text-editor\" data-id=\"6f79491\" data-element_type=\"widget\" data-widget_type=\"text-editor.default\">\n\t\t\t\t<div class=\"elementor-widget-container\">\n\t\t\t\t\t\t\t\t\t<p>Hi!<\/p><p>I&#039;m Adrian and my story began in 2014, when I was 14 years old and I discovered Vinted.<br \/>I&#039;m very interested in the concept of selling and bartering of second-hand clothes and I have begun to exhibit their pieces.<br \/>The first 3 years with me but didn&#039;t do so hot, but in 2017 completely changed because I&#039;ve learned how to do it right, what kind of things sell and how it&#039;s okay to take pictures.<br \/>It started with me in selling to flourish, which my love for fashion even more strengthened and so I started even on instagram.<br \/>Since I was since I was a kid artistic, I started to do the so-called customs, which means that I painted on clothing and shoes.<br \/>People started to like a lot and one of my custom bought an American youtuber, which caused my products were and abroad.<br \/>After graduation, I finally decided that I will still give it to the school and each other and from the selling and creation I&#039;m pretty resigned.<\/p><p>In 2023 I have to do this but again she came back and when I realized that I have so many things on sale and it&#039;s doing me in, so I actually could open a store.<br \/>That&#039;s when I can&#039;t figure out what all that will entail not only financially, but also organizationally, mentally, time and creatively.<br \/>I went to but in and with the help of the loved ones I&#039;ve 2.9. 2024 opened the first brick and mortar store Ejdry Vintage \u2013 slasher with a focus on vintage pieces and brands.<br \/>The clothes I&#039;m selling the remains online on the E-shop, which you can find in the menu, and news\/photos\/videos you will find on my instagram @ejdry_vintage.<br \/>Thank you all so much for the positive feedback and support, I really appreciate it and I&#039;m glad that I can share my passion for fashion from second-hand to share with the world.<\/p><p>Ejdry\u00a0<\/p>\t\t\t\t\t\t\t\t<\/div>\n\t\t\t\t<\/div>\n\t\t\t\t\t<\/div>\n\t\t\t\t<\/div>\n\t\t\t\t<\/div>","protected":false},"excerpt":{"rendered":"<p>Ahoj! Jsem Adriana a m\u016fj p\u0159\u00edb\u011bh za\u010dal u\u017e v roce 2014, kdy mi bylo 14 let a objevila jsem Vinted.Velmi m\u011b zaujal koncept prod\u00e1v\u00e1n\u00ed a vym\u011b\u0148ov\u00e1n\u00ed oble\u010den\u00ed z druh\u00e9 ruky a za\u010dala jsem tam vystavovat sv\u00e9 kousky.Prvn\u00ed 3 roky se mi ale moc neda\u0159ilo, co\u017e se ale v roce 2017 \u00fapln\u011b zm\u011bnilo, proto\u017ee jsem se [&hellip;]<\/p>","protected":false},"author":1,"featured_media":0,"parent":0,"menu_order":0,"comment_status":"closed","ping_status":"closed","template":"","meta":{"site-sidebar-layout":"no-sidebar","site-content-layout":"page-builder","ast-site-content-layout":"full-width-container","site-content-style":"default","site-sidebar-style":"default","ast-global-header-display":"","ast-banner-title-visibility":"","ast-main-header-display":"","ast-hfb-above-header-display":"","ast-hfb-below-header-display":"","ast-hfb-mobile-header-display":"","site-post-title":"disabled","ast-breadcrumbs-content":"","ast-featured-img":"disabled","footer-sml-layout":"","theme-transparent-header-meta":"","adv-header-id-meta":"","stick-header-meta":"","header-above-stick-meta":"","header-main-stick-meta":"","header-below-stick-meta":"","astra-migrate-meta-layouts":"set","ast-page-background-enabled":"default","ast-page-background-meta":{"desktop":{"background-color":"","background-image":"","background-repeat":"repeat","background-position":"center center","background-size":"auto","background-attachment":"scroll","background-type":"","background-media":"","overlay-type":"","overlay-color":"","overlay-opacity":"","overlay-gradient":""},"tablet":{"background-color":"","background-image":"","background-repeat":"repeat","background-position":"center center","background-size":"auto","background-attachment":"scroll","background-type":"","background-media":"","overlay-type":"","overlay-color":"","overlay-opacity":"","overlay-gradient":""},"mobile":{"background-color":"","background-image":"","background-repeat":"repeat","background-position":"center center","background-size":"auto","background-attachment":"scroll","background-type":"","background-media":"","overlay-type":"","overlay-color":"","overlay-opacity":"","overlay-gradient":""}},"ast-content-background-meta":{"desktop":{"background-color":"var(--ast-global-color-5)","background-image":"","background-repeat":"repeat","background-position":"center center","background-size":"auto","background-attachment":"scroll","background-type":"","background-media":"","overlay-type":"","overlay-color":"","overlay-opacity":"","overlay-gradient":""},"tablet":{"background-color":"var(--ast-global-color-5)","background-image":"","background-repeat":"repeat","background-position":"center center","background-size":"auto","background-attachment":"scroll","background-type":"","background-media":"","overlay-type":"","overlay-color":"","overlay-opacity":"","overlay-gradient":""},"mobile":{"background-color":"var(--ast-global-color-5)","background-image":"","background-repeat":"repeat","background-position":"center center","background-size":"auto","background-attachment":"scroll","background-type":"","background-media":"","overlay-type":"","overlay-color":"","overlay-opacity":"","overlay-gradient":""}},"footnotes":""},"class_list":["post-4485","page","type-page","status-publish","hentry"],"jetpack_sharing_enabled":true,"_links":{"self":[{"href":"https:\/\/ejdry.cz\/en\/wp-json\/wp\/v2\/pages\/4485","targetHints":{"allow":["GET"]}}],"collection":[{"href":"https:\/\/ejdry.cz\/en\/wp-json\/wp\/v2\/pages"}],"about":[{"href":"https:\/\/ejdry.cz\/en\/wp-json\/wp\/v2\/types\/page"}],"author":[{"embeddable":true,"href":"https:\/\/ejdry.cz\/en\/wp-json\/wp\/v2\/users\/1"}],"replies":[{"embeddable":true,"href":"https:\/\/ejdry.cz\/en\/wp-json\/wp\/v2\/comments?post=4485"}],"version-history":[{"count":10,"href":"https:\/\/ejdry.cz\/en\/wp-json\/wp\/v2\/pages\/4485\/revisions"}],"predecessor-version":[{"id":4664,"href":"https:\/\/ejdry.cz\/en\/wp-json\/wp\/v2\/pages\/4485\/revisions\/4664"}],"wp:attachment":[{"href":"https:\/\/ejdry.cz\/en\/wp-json\/wp\/v2\/media?parent=4485"}],"curies":[{"name":"wp","href":"https:\/\/api.w.org\/{rel}","templated":true}]}}